{"id":2420,"date":"2018-01-12T09:47:59","date_gmt":"2018-01-12T09:47:59","guid":{"rendered":"http:\/\/www.rhb-blog.de\/?page_id=2420"},"modified":"2024-03-01T14:24:49","modified_gmt":"2024-03-01T13:24:49","slug":"modellbahn","status":"publish","type":"page","link":"https:\/\/www.rhb-blog.de\/?page_id=2420","title":{"rendered":"Trun"},"content":{"rendered":"\n<p class=\"wp-block-paragraph\">Herzlich willkommen zu meiner Modellbahnanlage <strong>Trun<\/strong> (frei) nach dem Vorbild der Rh\u00e4tischen Bahn in der Schweiz im Ma\u00dfstab 1:87 und der Meterspur (H0m).<\/p>\n\n\n\n<p class=\"wp-block-paragraph\">Seit dem Dezember 2014 baue ich an meiner Segmentanlage im separatem Hobby Raum, aber wirklich fertig wird so eine Anlage nie.<\/p>\n\n\n\n<p class=\"wp-block-paragraph\">Dieses Blog enth\u00e4lt neben den Beitr\u00e4gen zu <a href=\"https:\/\/www.rhb-blog.de\/?cat=81\">meiner <strong>Anlage<\/strong><\/a> auch Informationen und Erfahrungsbereichte zu <a href=\"https:\/\/www.rhb-blog.de\/?cat=80\">allgemeinen <strong>Modellbahn<\/strong><\/a> Themen und der <strong><a href=\"https:\/\/www.rhb-blog.de\/?cat=44\">digitalen Steuerung<\/a><\/strong>.<\/p>\n\n\n\n<p class=\"wp-block-paragraph\">Dazu habe ich etliche Beitr\u00e4ge zu meinen vorigen Anlagen, Dioramen und anderen Dingen in einem <a href=\"https:\/\/www.rhb-blog.de\/?cat=79\">separaten Archiv<\/a> gespeichert.<\/p>\n\n\n\n<figure class=\"wp-block-table\"><table><tbody><tr><td class=\"has-text-align-center\" data-align=\"center\"><a href=\"https:\/\/www.rhb-blog.de\/?cat=81\"><img data-recalc-dims=\"1\" loading=\"lazy\" decoding=\"async\" width=\"150\" height=\"200\" class=\"wp-image-2632\" style=\"width: 150px;\" src=\"https:\/\/i0.wp.com\/www.rhb-blog.de\/wp-content\/uploads\/2019\/06\/IMG_0078.jpg?resize=150%2C200&#038;ssl=1\" alt=\"Modellbahn\" srcset=\"https:\/\/i0.wp.com\/www.rhb-blog.de\/wp-content\/uploads\/2019\/06\/IMG_0078.jpg?w=768&amp;ssl=1 768w, https:\/\/i0.wp.com\/www.rhb-blog.de\/wp-content\/uploads\/2019\/06\/IMG_0078.jpg?resize=225%2C300&amp;ssl=1 225w\" sizes=\"auto, (max-width: 150px) 100vw, 150px\" \/><\/a><br><strong>Bautagebuch<\/strong><\/td><td class=\"has-text-align-center\" data-align=\"center\"><a href=\"https:\/\/www.rhb-blog.de\/?cat=80\"><img data-recalc-dims=\"1\" loading=\"lazy\" decoding=\"async\" width=\"150\" height=\"107\" class=\"wp-image-1639\" style=\"width: 150px;\" src=\"https:\/\/i0.wp.com\/www.rhb-blog.de\/wp-content\/uploads\/2016\/03\/Rohbau-1.jpg?resize=150%2C107&#038;ssl=1\" alt=\"Rohbau Seite 1\" srcset=\"https:\/\/i0.wp.com\/www.rhb-blog.de\/wp-content\/uploads\/2016\/03\/Rohbau-1.jpg?w=1024&amp;ssl=1 1024w, https:\/\/i0.wp.com\/www.rhb-blog.de\/wp-content\/uploads\/2016\/03\/Rohbau-1.jpg?resize=300%2C214&amp;ssl=1 300w, https:\/\/i0.wp.com\/www.rhb-blog.de\/wp-content\/uploads\/2016\/03\/Rohbau-1.jpg?resize=768%2C548&amp;ssl=1 768w\" sizes=\"auto, (max-width: 150px) 100vw, 150px\" \/><\/a><strong><br>Modellbahn<br>Tipps, Tricks und Ratgeber<\/strong><\/td><td class=\"has-text-align-center\" data-align=\"center\"><a href=\"https:\/\/www.rhb-blog.de\/?cat=44\"><img data-recalc-dims=\"1\" loading=\"lazy\" decoding=\"async\" width=\"150\" height=\"113\" class=\"wp-image-2248\" style=\"width: 150px;\" src=\"https:\/\/i0.wp.com\/www.rhb-blog.de\/wp-content\/uploads\/2017\/04\/decoder.jpg?resize=150%2C113&#038;ssl=1\" alt=\"Decoder\" srcset=\"https:\/\/i0.wp.com\/www.rhb-blog.de\/wp-content\/uploads\/2017\/04\/decoder.jpg?w=1024&amp;ssl=1 1024w, https:\/\/i0.wp.com\/www.rhb-blog.de\/wp-content\/uploads\/2017\/04\/decoder.jpg?resize=300%2C225&amp;ssl=1 300w, https:\/\/i0.wp.com\/www.rhb-blog.de\/wp-content\/uploads\/2017\/04\/decoder.jpg?resize=768%2C576&amp;ssl=1 768w\" sizes=\"auto, (max-width: 150px) 100vw, 150px\" \/><\/a><br><strong>Digitale Steuerung<\/strong><\/td><\/tr><\/tbody><\/table><\/figure>\n\n\n\n<div class=\"wp-block-group\"><div class=\"wp-block-group__inner-container is-layout-flow wp-block-group-is-layout-flow\">\n<h2 class=\"wp-block-heading\">\u00dcbersicht<\/h2>\n\n\n\n<p class=\"wp-block-paragraph\">F\u00fcr den Bau der Anlage wurden viele Artikel verschiedener Hersteller, aber auch einige selbstgebaute Objekte verwendet. Gefahren wird vor allem mit Material von BEMO, komplett digitalisiert und teilweise mit Sound und zus\u00e4tzlicher Beleuchtung.<\/p>\n\n\n\n<ul class=\"wp-block-list\">\n<li>Unterbau von\u00a0<strong>Modellbau Menninghaus<\/strong><\/li>\n\n\n\n<li>Gleiswendel von <strong>gleiswendelshop.de<\/strong><\/li>\n\n\n\n<li>Gleise und Weichen von <strong>PECO <\/strong>(Code 75), gebettet und verleimt auf versiegelten Kork<br>Erg\u00e4nzt um Flexgleis Selbstbau von <strong>Weichen-Walter<\/strong> (Code 75)<\/li>\n\n\n\n<li>Weichenantriebe\u00a0WA-5 (<strong>mbtronik<\/strong>) und <strong>Uhlenbrock<\/strong> DCC Decoder mit Standard Servos (Metall)<\/li>\n\n\n\n<li>Signale von <s>Schneider<\/s>, <strong>Microscale <\/strong>(CH), <strong>Mafen <\/strong>und Selbstbau, angesteuert mit <strong>qdecoder<\/strong> Modulen (Signal)<\/li>\n\n\n\n<li>Digitalsteuerung mit <s>Uhlenbrock IB Basic, Daisy II<\/s> <strong>Z21<\/strong>, <strong>Multimaus<\/strong> und <strong>iTrain<\/strong> (<s>keine<\/s> <span style=\"text-decoration: underline;\">noch<\/span> keine Automatik)<\/li>\n\n\n\n<li>Baumaterialien von <strong>mininatur<\/strong> (Silhouette), <s>Langmesser<\/s>, <strong>HEKI<\/strong>, <strong>NOCH<\/strong>, <strong>Busch<\/strong>, <strong>Model-Scene<\/strong>, <strong>MBR<\/strong> und <strong>Woodland<\/strong><\/li>\n\n\n\n<li>Naturmaterialien wie Ger\u00f6ll, Steinchen und Kies und Sand<\/li>\n\n\n\n<li>Verteiler von Richter von Sch\u00f6nwitz<\/li>\n\n\n\n<li>Oberleitung von Sommerfeldt (mit Eigenbau Anteilen)<\/li>\n\n\n\n<li>(Lasercut) Geb\u00e4ude von MobaArt, NOCH und Selbstbau (Albula Shop)<\/li>\n\n\n\n<li>Zus\u00e4tzliche\u00a0Materialien von Weinert und Auhagen<\/li>\n\n\n\n<li>Fahrbares Material von BEMO und D+R, Umbau Achsen (M\u00fcller Rads\u00e4tze)<\/li>\n<\/ul>\n<\/div><\/div>\n\n\n\n<div class=\"wp-block-group\"><div class=\"wp-block-group__inner-container is-layout-flow wp-block-group-is-layout-flow\">\n<h2 class=\"wp-block-heading\">Vor\u00fcberlegungen<\/h2>\n\n\n\n<p class=\"wp-block-paragraph\">Am Anfang einer jeden Planung sollte man sich \u00fcberlegen, was man eigentlich darstellen m\u00f6chte und welche Konsequenzen dies hat. Brauche ich einen Schattenbahnhof, m\u00f6chte ich mehr fahren oder bin ich der Rangierer? Brauche ich Platz f\u00fcr meine Landschaft oder will ich mehr Gleise haben?<\/p>\n\n\n\n<p class=\"wp-block-paragraph\">Fragen \u00fcber Fragen, also beginne ich einmal mit den grundlegenden Gedanken und deren Folgen.<\/p>\n\n\n\n<ul class=\"wp-block-list\">\n<li>Vorbild: <strong>Rh\u00e4tische Bahnen<\/strong><br><strong>Folge<\/strong>: Ich brauche Platz f\u00fcr die Landschaft. Schweizer Berge lassen sich nicht auf 10&#215;10 cm darstellen.<\/li>\n\n\n\n<li>Ma\u00dfstab: <strong>HO, aber Schmalspur<\/strong><br><strong>Folge<\/strong>: Auch wenn H0m Meterspur ist, ben\u00f6tigt es genau so viel Platz wie H0. Ein gro\u00dfer Vorteil der Meterspur ist es aber, dass Radien durchaus eng sein k\u00f6nnen (was auch dem Vorbild entspricht). Ich kann mich bei meinen Pl\u00e4nen voll austoben.<br><strong>Update:<\/strong> Mit <strong>330 mm<\/strong> Minimum sollte man sehr sparsam sein, auch wenn die Loks das mitmachen. 3% Steigung oder mehr sind dann aber tabu. Neuerdings weiss ich, dass man mit <strong>500 mm<\/strong> auf der sicheren Seite ist.<\/li>\n\n\n\n<li>Hersteller: <strong>BEMO<\/strong><br>Ich weiss im Moment nur eins, BEMO ist der einzige Hersteller von einem umfangreichen HOm Programm. Es gibt verschiedene Dinge zu kl\u00e4ren, z.B.<br>&#8211; Welche Nutzl\u00e4nge muss ich bei meinen Bahnhof einplanen?<br>&#8211; Welche Gleiselemente gibt es?<br>&#8211; Gibt es alternative Hersteller?<br>&#8211; Welche Epoche m\u00f6chte ich darstellen?<br>&#8211; Welche Zug-Kombinationen sind real?<br><strong>Update:<\/strong> Man muss, wenn man nicht unbedingt m\u00f6chte, kein Sklave von Epochen oder Linien echten Zug Kompositionen sein. Nur halbwegs glaubw\u00fcrdig sollte es bleiben, E-Loks ohne Oberleitung ist sehr albern.<\/li>\n\n\n\n<li>Digitaler Betrieb: <strong>JA (Update 2015)<\/strong><br>Ja, ich will digital fahren <strong>und schalten<\/strong>. Neben einen <strong>halb<\/strong>automatischen <del>Pendel<\/del>betrieb auf <del>meiner Paradestrecke<\/del>\u00a0meiner Anlage will ich vor allem auch eins, <strong>selbst<\/strong> fahren.<br><strong>Update:<\/strong> Digital hei\u00dft aber auch, lange Recherchen, langsames Verstehen und Probieren, bis\u00a0man\u00a0es versteht.<br>Der Erfolgt gibt aber Mut zum Weitermachen, dass kann ich nach einige Jahren nun schon sagen.<\/li>\n\n\n\n<li>Oberleitung: <strong>JA<\/strong><br>Mal ehrlich, gibt es eine Strecke in der Schweiz ohne Oberleitung? Nein.<br>Update:\u00a0Mit dem Material von Sommerfeldt kann man schon eine sehr gute Oberleitung bauen, besser (aber auch deutlich teurer) geht es mit kleinen Herstellern wie <a href=\"http:\/\/www.art-and-web.ch\/modellbau\/shop\/index.php\" target=\"_blank\" rel=\"noreferrer noopener\">Art &amp; Web<\/a>.<\/li>\n\n\n\n<li>Landschaft: <strong>Gebirge<\/strong><br>Eine flache Schweiz? N\u00f6\u00f6\u00f6, ich will Berge.<br><strong>Update:<\/strong> Auf meiner neuen Anlage leider sehr wenig vorhanden, aber angedeutet. Jawohl, und gerade des der wegen \ud83d\ude09<\/li>\n\n\n\n<li>Kunstbauten: <strong>JA<\/strong><br><del>Da meine Anlage im Gebirge liegt, komme ich nicht um das Thema Berge herum. Auch Wasser wird ein Thema werden, \u00a0daher werde ich mit damit besch\u00e4ftigen. Prima f\u00fcr ein Diorama.<br><\/del>Ja, Kunstbauten wird es geben. Neben einer Br\u00fccke (wo ich mal einen Baubericht schreiben muss), wird es auch Wasser\u00a0und einige St\u00fctzmauern geben. Ja, auch eine Galerie wird sich noch finden, irgendwo&#8230;<\/li>\n<\/ul>\n<\/div><\/div>\n\n\n\n<div class=\"wp-block-group\"><div class=\"wp-block-group__inner-container is-layout-flow wp-block-group-is-layout-flow\">\n<p class=\"wp-block-paragraph\"><\/p>\n<\/div><\/div>\n","protected":false},"excerpt":{"rendered":"<p>Herzlich willkommen zu meiner Modellbahnanlage Trun (frei) nach dem Vorbild der Rh\u00e4tischen Bahn in der Schweiz im Ma\u00dfstab 1:87 und der Meterspur (H0m). Seit dem Dezember 2014 baue ich an <span class=\"readmore\"><a href=\"https:\/\/www.rhb-blog.de\/?page_id=2420\">Weiterlesen\u00a0\u2026<\/a><\/span><\/p>\n","protected":false},"author":1,"featured_media":0,"parent":0,"menu_order":7,"comment_status":"closed","ping_status":"closed","template":"","meta":{"_crdt_document":"","jetpack_post_was_ever_published":false,"footnotes":""},"class_list":["post-2420","page","type-page","status-publish","hentry"],"jetpack_sharing_enabled":true,"jetpack_shortlink":"https:\/\/wp.me\/P7pPBj-D2","jetpack_likes_enabled":true,"_links":{"self":[{"href":"https:\/\/www.rhb-blog.de\/index.php?rest_route=\/wp\/v2\/pages\/2420","targetHints":{"allow":["GET"]}}],"collection":[{"href":"https:\/\/www.rhb-blog.de\/index.php?rest_route=\/wp\/v2\/pages"}],"about":[{"href":"https:\/\/www.rhb-blog.de\/index.php?rest_route=\/wp\/v2\/types\/page"}],"author":[{"embeddable":true,"href":"https:\/\/www.rhb-blog.de\/index.php?rest_route=\/wp\/v2\/users\/1"}],"replies":[{"embeddable":true,"href":"https:\/\/www.rhb-blog.de\/index.php?rest_route=%2Fwp%2Fv2%2Fcomments&post=2420"}],"version-history":[{"count":6,"href":"https:\/\/www.rhb-blog.de\/index.php?rest_route=\/wp\/v2\/pages\/2420\/revisions"}],"predecessor-version":[{"id":3004,"href":"https:\/\/www.rhb-blog.de\/index.php?rest_route=\/wp\/v2\/pages\/2420\/revisions\/3004"}],"wp:attachment":[{"href":"https:\/\/www.rhb-blog.de\/index.php?rest_route=%2Fwp%2Fv2%2Fmedia&parent=2420"}],"curies":[{"name":"wp","href":"https:\/\/api.w.org\/{rel}","templated":true}]}}